{"id":931,"date":"2024-12-16T10:38:06","date_gmt":"2024-12-16T13:38:06","guid":{"rendered":"https:\/\/docspider.beondigital.com.br\/?page_id=931"},"modified":"2024-12-16T10:40:18","modified_gmt":"2024-12-16T13:40:18","slug":"termo-de-consentimento","status":"publish","type":"page","link":"https:\/\/sitedocspider-hkbwfnauewa5f2ak.brazilsouth-01.azurewebsites.net\/en\/termo-de-consentimento\/","title":{"rendered":"Consent Form."},"content":{"rendered":"<div data-elementor-type=\"wp-page\" data-elementor-id=\"931\" class=\"elementor elementor-931\" data-elementor-post-type=\"page\">\n\t\t\t\t<div class=\"elementor-element elementor-element-1902ba3 e-flex e-con-boxed e-con e-parent\" data-id=\"1902ba3\" data-element_type=\"container\" data-e-type=\"container\">\n\t\t\t\t\t<div class=\"e-con-inner\">\n\t\t\t\t<div class=\"elementor-element elementor-element-7827480 elementor-widget elementor-widget-text-editor\" data-id=\"7827480\" data-element_type=\"widget\" data-e-type=\"widget\" data-widget_type=\"text-editor.default\">\n\t\t\t\t\t\t\t\t\t<h3><strong>Caro(a) Candidato(a),<\/strong><\/h3><p>Agradecemos por considerar a <strong>Docspider Software S.A.<\/strong> como seu potencial empregador.<\/p><p>Para dar continuidade ao processo de sele\u00e7\u00e3o, precisamos coletar e armazenar seus dados pessoais. Estes dados ser\u00e3o usados exclusivamente para fins de avalia\u00e7\u00e3o e considera\u00e7\u00e3o para vagas de emprego em nossa organiza\u00e7\u00e3o.<\/p><p>Ao fornecer suas informa\u00e7\u00f5es, voc\u00ea consente que a <strong>Docspider Software S.A.<\/strong> colete, utilize e armazene seus dados pessoais conforme as leis e regulamenta\u00e7\u00f5es aplic\u00e1veis, incluindo a Lei Geral de Prote\u00e7\u00e3o de Dados (LGPD). Entendemos a import\u00e2ncia da sua privacidade e garantimos que seus dados ser\u00e3o tratados com confidencialidade e seguran\u00e7a.<\/p><p>Seus dados ser\u00e3o mantidos em nosso sistema pelo per\u00edodo necess\u00e1rio para o processo seletivo, ap\u00f3s o qual ser\u00e3o exclu\u00eddos de acordo com nossas pol\u00edticas de privacidade internas, ou mediante sua solicita\u00e7\u00e3o.<\/p><p>Por favor, tenha em mente que voc\u00ea pode requerer sua exclus\u00e3o de nossos registros. Para fazer qualquer uma dessas solicita\u00e7\u00f5es ou para esclarecer d\u00favidas sobre como seus dados s\u00e3o tratados, entre em contato conosco atrav\u00e9s do nosso Canal de \u00e9tica e integridade: <a href=\"https:\/\/siscompliance.com.br\/docspider\/\">https:\/\/siscompliance.com.br\/docspider\/<\/a>.<\/p><p>Ao continuar com o processo de candidatura, voc\u00ea confirma que leu e compreendeu nossa pol\u00edtica de privacidade e concorda com a coleta, uso e armazenamento de seus dados pessoais conforme descrito acima.<\/p>\t\t\t\t\t\t\t\t<\/div>\n\t\t\t\t\t<\/div>\n\t\t\t\t<\/div>\n\t\t\t\t<\/div>","protected":false},"excerpt":{"rendered":"<p>Caro(a) Candidato(a), Agradecemos por considerar a Docspider Software S.A. como seu potencial empregador. Para dar continuidade ao processo de sele\u00e7\u00e3o, precisamos coletar e armazenar seus dados pessoais. Estes dados ser\u00e3o usados exclusivamente para fins de avalia\u00e7\u00e3o e considera\u00e7\u00e3o para vagas de emprego em nossa organiza\u00e7\u00e3o. Ao fornecer suas informa\u00e7\u00f5es, voc\u00ea consente que a Docspider Software [&hellip;]<\/p>\n","protected":false},"author":1,"featured_media":0,"parent":0,"menu_order":13,"comment_status":"closed","ping_status":"closed","template":"","meta":{"_seopress_robots_primary_cat":"","_seopress_titles_title":"","_seopress_titles_desc":"","_seopress_robots_index":"","footnotes":""},"class_list":["post-931","page","type-page","status-publish","hentry"],"_links":{"self":[{"href":"https:\/\/sitedocspider-hkbwfnauewa5f2ak.brazilsouth-01.azurewebsites.net\/en\/wp-json\/wp\/v2\/pages\/931","targetHints":{"allow":["GET"]}}],"collection":[{"href":"https:\/\/sitedocspider-hkbwfnauewa5f2ak.brazilsouth-01.azurewebsites.net\/en\/wp-json\/wp\/v2\/pages"}],"about":[{"href":"https:\/\/sitedocspider-hkbwfnauewa5f2ak.brazilsouth-01.azurewebsites.net\/en\/wp-json\/wp\/v2\/types\/page"}],"author":[{"embeddable":true,"href":"https:\/\/sitedocspider-hkbwfnauewa5f2ak.brazilsouth-01.azurewebsites.net\/en\/wp-json\/wp\/v2\/users\/1"}],"replies":[{"embeddable":true,"href":"https:\/\/sitedocspider-hkbwfnauewa5f2ak.brazilsouth-01.azurewebsites.net\/en\/wp-json\/wp\/v2\/comments?post=931"}],"version-history":[{"count":4,"href":"https:\/\/sitedocspider-hkbwfnauewa5f2ak.brazilsouth-01.azurewebsites.net\/en\/wp-json\/wp\/v2\/pages\/931\/revisions"}],"predecessor-version":[{"id":935,"href":"https:\/\/sitedocspider-hkbwfnauewa5f2ak.brazilsouth-01.azurewebsites.net\/en\/wp-json\/wp\/v2\/pages\/931\/revisions\/935"}],"wp:attachment":[{"href":"https:\/\/sitedocspider-hkbwfnauewa5f2ak.brazilsouth-01.azurewebsites.net\/en\/wp-json\/wp\/v2\/media?parent=931"}],"curies":[{"name":"wp","href":"https:\/\/api.w.org\/{rel}","templated":true}]}}